{"id":604,"date":"2023-10-23T10:35:58","date_gmt":"2023-10-23T01:35:58","guid":{"rendered":"https:\/\/jbeschool.valueshift.co.jp\/?page_id=604"},"modified":"2023-11-17T16:53:20","modified_gmt":"2023-11-17T07:53:20","slug":"application-form-vi","status":"publish","type":"page","link":"https:\/\/jbeschool.valueshift.co.jp\/vi\/application-form-vi","title":{"rendered":"\u0110\u0103ng k\u00fd s\u1eed d\u1ee5ng D\u1ecbch v\u1ee5"},"content":{"rendered":"\n<p><\/p>\n\n\n\n<div class=\"wpcf7 no-js\" id=\"wpcf7-f627-o1\" lang=\"ja\" dir=\"ltr\">\n<div class=\"screen-reader-response\"><p role=\"status\" aria-live=\"polite\" aria-atomic=\"true\"><\/p> <ul><\/ul><\/div>\n<form action=\"\/vi\/wp-json\/wp\/v2\/pages\/604#wpcf7-f627-o1\" method=\"post\" class=\"wpcf7-form init\" aria-label=\"\u30b3\u30f3\u30bf\u30af\u30c8\u30d5\u30a9\u30fc\u30e0\" novalidate=\"novalidate\" data-status=\"init\">\n<div style=\"display: none;\">\n<input type=\"hidden\" name=\"_wpcf7\" value=\"627\" \/>\n<input type=\"hidden\" name=\"_wpcf7_version\" value=\"5.8.1\" \/>\n<input type=\"hidden\" name=\"_wpcf7_locale\" value=\"ja\" \/>\n<input type=\"hidden\" name=\"_wpcf7_unit_tag\" value=\"wpcf7-f627-o1\" \/>\n<input type=\"hidden\" name=\"_wpcf7_container_post\" value=\"0\" \/>\n<input type=\"hidden\" name=\"_wpcf7_posted_data_hash\" value=\"\" \/>\n<input type=\"hidden\" name=\"_wpcf7_recaptcha_response\" value=\"\" \/>\n<\/div>\n<table class=\"inquiry\">\n\t<tr>\n\t\t<th>\n\t\t\t<p><span class=\"haveto\">B\u1eaft bu\u1ed9c<\/span><span>T\u00ean C\u00f4ng ty<\/span>\n\t\t\t<\/p>\n\t\t<\/th>\n\t\t<td>\n\t\t\t<p><span class=\"wpcf7-form-control-wrap\" data-name=\"your-company\"><input size=\"40\" class=\"wpcf7-form-control wpcf7-text wpcf7-validates-as-required textsp\" aria-required=\"true\" aria-invalid=\"false\" placeholder=\"V\u00ed d\u1ee5: C\u00f4ng ty C\u1ed5 ph\u1ea7n\u25cb\u25cb\" value=\"\" type=\"text\" name=\"your-company\" \/><\/span>\n\t\t\t<\/p>\n\t\t<\/td>\n\t<\/tr>\n\t<tr>\n\t\t<th>\n\t\t\t<p><span class=\"haveto\">B\u1eaft bu\u1ed9c<\/span><span>B\u1ed9 ph\u1eadn<\/span>\n\t\t\t<\/p>\n\t\t<\/th>\n\t\t<td>\n\t\t\t<p><span class=\"wpcf7-form-control-wrap\" data-name=\"your-department\"><input size=\"40\" class=\"wpcf7-form-control wpcf7-text wpcf7-validates-as-required textsp\" aria-required=\"true\" aria-invalid=\"false\" placeholder=\"Ph\u00f2ng\/Ban\u25cb\u25cb\" value=\"\" type=\"text\" name=\"your-department\" \/><\/span>\n\t\t\t<\/p>\n\t\t<\/td>\n\t<\/tr>\n\t<tr>\n\t\t<th>\n\t\t\t<p><span class=\"haveto\">B\u1eaft bu\u1ed9c<\/span><span>H\u1ecd v\u00e0 t\u00ean<\/span>\n\t\t\t<\/p>\n\t\t<\/th>\n\t\t<td>\n\t\t\t<p><span class=\"wpcf7-form-control-wrap\" data-name=\"your-name\"><input size=\"40\" class=\"wpcf7-form-control wpcf7-text wpcf7-validates-as-required textsp\" aria-required=\"true\" aria-invalid=\"false\" placeholder=\"Nguy\u1ec5n V\u0103n A\" value=\"\" type=\"text\" name=\"your-name\" \/><\/span>\n\t\t\t<\/p>\n\t\t<\/td>\n\t<\/tr>\n\t<tr>\n\t\t<th>\n\t\t\t<p><span class=\"haveto\">B\u1eaft bu\u1ed9c<\/span><span>S\u1ed1 \u0111i\u1ec7n tho\u1ea1i<\/span>\n\t\t\t<\/p>\n\t\t<\/th>\n\t\t<td>\n\t\t\t<p><span class=\"wpcf7-form-control-wrap\" data-name=\"your-tel\"><input size=\"40\" class=\"wpcf7-form-control wpcf7-tel wpcf7-validates-as-required wpcf7-text wpcf7-validates-as-tel tel\" aria-required=\"true\" aria-invalid=\"false\" placeholder=\"090-1111-2222\" value=\"\" type=\"tel\" name=\"your-tel\" \/><\/span>\n\t\t\t<\/p>\n\t\t<\/td>\n\t<\/tr>\n\t<tr>\n\t\t<th>\n\t\t\t<p><span class=\"haveto\">B\u1eaft bu\u1ed9c<\/span><span>\u0110\u1ecba ch\u1ec9 e-mail<\/span>\n\t\t\t<\/p>\n\t\t<\/th>\n\t\t<td>\n\t\t\t<p><span class=\"wpcf7-form-control-wrap\" data-name=\"your-email\"><input size=\"40\" class=\"wpcf7-form-control wpcf7-email wpcf7-validates-as-required wpcf7-text wpcf7-validates-as-email mailsp\" aria-required=\"true\" aria-invalid=\"false\" placeholder=\"jbeschool@sample.com\" value=\"\" type=\"email\" name=\"your-email\" \/><\/span>\n\t\t\t<\/p>\n\t\t<\/td>\n\t<\/tr>\n<\/table>\n<div class=\"wp-block-vk-blocks-border-box vk_borderBox vk_borderBox-background-transparent has-text-color has-vivid-red-color is-style-vk_borderBox-style-solid-kado-iconFeature check-tos\">\n\t<div class=\"vk_borderBox_title_container\">\n\t\t<h4 class=\"vk_borderBox_title\">Xin vui l\u00f2ng \u0111\u1ecdc k\u1ef9 \u0110i\u1ec1u kho\u1ea3n s\u1eed d\u1ee5ng v\u00e0 Ch\u00ednh s\u00e1ch b\u1ea3o m\u1eadt, n\u1ebfu b\u1ea1n \u0111\u1ed3ng \u00fd, h\u00e3y b\u1ea5m v\u00e0o \u00f4 \"T\u00f4i \u0111\u1ed3ng \u00fd v\u1edbi \u0110i\u1ec1u kho\u1ea3n s\u1eed d\u1ee5ng v\u00e0 Ch\u00ednh s\u00e1ch b\u1ea3o m\u1eadt\" v\u00e0 nh\u1ea5n n\u00fat \"G\u1eedi \u0111i\".\n\t\t<\/h4>\n\t<\/div>\n\t<div class=\"vk_borderBox_body\">\n\t\t<ul class=\"is-style-vk-arrow-mark vk_list_1\">\n\t\t\t<li>\n\t\t\t\t<p><a href=\"https:\/\/jbeschool.valueshift.co.jp\/tos-vi\" target=\"_blank\" rel=\"noreferrer noopener\">\u0110i\u1ec1u kho\u1ea3n s\u1eed d\u1ee5ng\/Service Agreement<\/a>\n\t\t\t\t<\/p>\n\t\t\t<\/li>\n\t\t\t<li>\n\t\t\t\t<p><a rel=\"noreferrer noopener\" href=\"https:\/\/jbeschool.valueshift.co.jp\/privacy-policy-vi\" target=\"_blank\">Ch\u00ednh s\u00e1ch b\u1ea3o m\u1eadt\/Privacy Policy<\/a>\n\t\t\t\t<\/p>\n\t\t\t<\/li>\n\t\t<\/ul>\n\t<\/div>\n<\/div>\n<div class=\"con-form\">\n\t<p><span class=\"wpcf7-form-control-wrap\" data-name=\"acceptance-442\"><span class=\"wpcf7-form-control wpcf7-acceptance\"><span class=\"wpcf7-list-item\"><label><input type=\"checkbox\" name=\"acceptance-442\" value=\"1\" class=\"spam1\" aria-invalid=\"false\" \/><span class=\"wpcf7-list-item-label\">T\u00f4i \u0111\u1ed3ng \u00fd v\u1edbi \u0110i\u1ec1u kho\u1ea3n s\u1eed d\u1ee5ng v\u00e0 Ch\u00ednh s\u00e1ch b\u1ea3o m\u1eadt.<\/span><\/label><\/span><\/span><\/span>\n\t<\/p>\n<\/div>\n<p><input class=\"wpcf7-form-control wpcf7-submit has-spinner\" id=\"formbtn\" type=\"submit\" value=\"G\u1eedi \u0111i\" \/>\n<\/p><div class=\"wpcf7-response-output\" aria-hidden=\"true\"><\/div>\n<\/form>\n<\/div>\n\n","protected":false},"excerpt":{"rendered":"","protected":false},"author":1,"featured_media":0,"parent":0,"menu_order":0,"comment_status":"closed","ping_status":"closed","template":"","meta":{"footnotes":"","_locale":"vi","_original_post":"https:\/\/jbeschool.valueshift.co.jp\/?page_id=504","vkexunit_cta_each_option":""},"_links":{"self":[{"href":"https:\/\/jbeschool.valueshift.co.jp\/wp-json\/wp\/v2\/pages\/604"}],"collection":[{"href":"https:\/\/jbeschool.valueshift.co.jp\/wp-json\/wp\/v2\/pages"}],"about":[{"href":"https:\/\/jbeschool.valueshift.co.jp\/wp-json\/wp\/v2\/types\/page"}],"author":[{"embeddable":true,"href":"https:\/\/jbeschool.valueshift.co.jp\/wp-json\/wp\/v2\/users\/1"}],"replies":[{"embeddable":true,"href":"https:\/\/jbeschool.valueshift.co.jp\/wp-json\/wp\/v2\/comments?post=604"}],"version-history":[{"count":6,"href":"https:\/\/jbeschool.valueshift.co.jp\/wp-json\/wp\/v2\/pages\/604\/revisions"}],"predecessor-version":[{"id":893,"href":"https:\/\/jbeschool.valueshift.co.jp\/wp-json\/wp\/v2\/pages\/604\/revisions\/893"}],"wp:attachment":[{"href":"https:\/\/jbeschool.valueshift.co.jp\/wp-json\/wp\/v2\/media?parent=604"}],"curies":[{"name":"wp","href":"https:\/\/api.w.org\/{rel}","templated":true}]}}