{"id":612,"date":"2023-10-23T10:37:50","date_gmt":"2023-10-23T01:37:50","guid":{"rendered":"https:\/\/jbeschool.valueshift.co.jp\/?page_id=612"},"modified":"2023-11-20T09:16:07","modified_gmt":"2023-11-20T00:16:07","slug":"contact-vi","status":"publish","type":"page","link":"https:\/\/jbeschool.valueshift.co.jp\/vi\/contact-vi","title":{"rendered":"Y\u00eau c\u1ea7u t\u00e0i li\u1ec7u &amp; Li\u00ean h\u1ec7"},"content":{"rendered":"\n<p><\/p>\n\n\n\n<div class=\"wpcf7 no-js\" id=\"wpcf7-f629-o1\" lang=\"ja\" dir=\"ltr\">\n<div class=\"screen-reader-response\"><p role=\"status\" aria-live=\"polite\" aria-atomic=\"true\"><\/p> <ul><\/ul><\/div>\n<form action=\"\/vi\/wp-json\/wp\/v2\/pages\/612#wpcf7-f629-o1\" method=\"post\" class=\"wpcf7-form init\" aria-label=\"\u30b3\u30f3\u30bf\u30af\u30c8\u30d5\u30a9\u30fc\u30e0\" novalidate=\"novalidate\" data-status=\"init\">\n<div style=\"display: none;\">\n<input type=\"hidden\" name=\"_wpcf7\" value=\"629\" \/>\n<input type=\"hidden\" name=\"_wpcf7_version\" value=\"5.8.1\" \/>\n<input type=\"hidden\" name=\"_wpcf7_locale\" value=\"ja\" \/>\n<input type=\"hidden\" name=\"_wpcf7_unit_tag\" value=\"wpcf7-f629-o1\" \/>\n<input type=\"hidden\" name=\"_wpcf7_container_post\" value=\"0\" \/>\n<input type=\"hidden\" name=\"_wpcf7_posted_data_hash\" value=\"\" \/>\n<input type=\"hidden\" name=\"_wpcf7_recaptcha_response\" value=\"\" \/>\n<\/div>\n<table class=\"inquiry\">\n\t<tr>\n\t\t<th>\n\t\t\t<p><span class=\"any\">T\u00f9y ch\u1ecdn<\/span><span>T\u00ean C\u00f4ng ty<\/span>\n\t\t\t<\/p>\n\t\t<\/th>\n\t\t<td>\n\t\t\t<p><span class=\"wpcf7-form-control-wrap\" data-name=\"your-company\"><input size=\"40\" class=\"wpcf7-form-control wpcf7-text textsp\" aria-invalid=\"false\" placeholder=\"V\u00ed d\u1ee5: C\u00f4ng ty C\u1ed5 ph\u1ea7n\u25cb\u25cb\" value=\"\" type=\"text\" name=\"your-company\" \/><\/span>\n\t\t\t<\/p>\n\t\t<\/td>\n\t<\/tr>\n\t<tr>\n\t\t<th>\n\t\t\t<p><span class=\"any\">T\u00f9y ch\u1ecdn<\/span><span>B\u1ed9 ph\u1eadn<\/span>\n\t\t\t<\/p>\n\t\t<\/th>\n\t\t<td>\n\t\t\t<p><span class=\"wpcf7-form-control-wrap\" data-name=\"your-department\"><input size=\"40\" class=\"wpcf7-form-control wpcf7-text textsp\" aria-invalid=\"false\" placeholder=\"Ph\u00f2ng\/Ba\uff4e\u25cb\u25cb\" value=\"\" type=\"text\" name=\"your-department\" \/><\/span>\n\t\t\t<\/p>\n\t\t<\/td>\n\t<\/tr>\n\t<tr>\n\t\t<th>\n\t\t\t<p><span class=\"haveto\">Y\u00eau c\u1ea7u<\/span><span>H\u1ecd v\u00e0 t\u00ean<\/span>\n\t\t\t<\/p>\n\t\t<\/th>\n\t\t<td>\n\t\t\t<p><span class=\"wpcf7-form-control-wrap\" data-name=\"your-name\"><input size=\"40\" class=\"wpcf7-form-control wpcf7-text wpcf7-validates-as-required textsp\" aria-required=\"true\" aria-invalid=\"false\" placeholder=\"Nguy\u1ec5n V\u0103n A\" value=\"\" type=\"text\" name=\"your-name\" \/><\/span>\n\t\t\t<\/p>\n\t\t<\/td>\n\t<\/tr>\n\t<tr>\n\t\t<th>\n\t\t\t<p><span class=\"any\">T\u00f9y ch\u1ecdn<\/span><span>S\u1ed1 \u0111i\u1ec7n tho\u1ea1i<\/span>\n\t\t\t<\/p>\n\t\t<\/th>\n\t\t<td>\n\t\t\t<p><span class=\"wpcf7-form-control-wrap\" data-name=\"your-tel\"><input size=\"40\" class=\"wpcf7-form-control wpcf7-tel wpcf7-text wpcf7-validates-as-tel tel\" aria-invalid=\"false\" placeholder=\"090-1111-2222\" value=\"\" type=\"tel\" name=\"your-tel\" \/><\/span>\n\t\t\t<\/p>\n\t\t<\/td>\n\t<\/tr>\n\t<tr>\n\t\t<th>\n\t\t\t<p><span class=\"haveto\">Y\u00eau c\u1ea7u<\/span><span>\u0110\u1ecba ch\u1ec9 e-mail <\/span>\n\t\t\t<\/p>\n\t\t<\/th>\n\t\t<td>\n\t\t\t<p><span class=\"wpcf7-form-control-wrap\" data-name=\"your-email\"><input size=\"40\" class=\"wpcf7-form-control wpcf7-email wpcf7-validates-as-required wpcf7-text wpcf7-validates-as-email mailsp\" aria-required=\"true\" aria-invalid=\"false\" placeholder=\"jbeschool@sample.com\" value=\"\" type=\"email\" name=\"your-email\" \/><\/span>\n\t\t\t<\/p>\n\t\t<\/td>\n\t<\/tr>\n\t<tr>\n\t\t<th>\n\t\t\t<p><span class=\"haveto\">Y\u00eau c\u1ea7u<\/span><span>C\u00e2u h\u1ecfi\/ Y\u00eau c\u1ea7u<br \/>\n(Khu v\u1ef1c ghi ch\u00fa t\u1ef1 do - kh\u00f4ng gi\u1edbi h\u1ea1n s\u1ed1 l\u01b0\u1ee3ng k\u00fd t\u1ef1)<\/span>\n\t\t\t<\/p>\n\t\t<\/th>\n\t\t<td>\n\t\t\t<p><span class=\"wpcf7-form-control-wrap\" data-name=\"your-message\"><textarea cols=\"40\" rows=\"10\" class=\"wpcf7-form-control wpcf7-textarea wpcf7-validates-as-required content\" aria-required=\"true\" aria-invalid=\"false\" placeholder=\"Nh\u1eadp \u00edt nh\u1ea5t m\u1ed9t d\u00f2ng v\u0103n b\u1ea3n\" name=\"your-message\"><\/textarea><\/span>\n\t\t\t<\/p>\n\t\t<\/td>\n\t<\/tr>\n<\/table>\n<div class=\"con-form\">\n\t<p>\u3010Ch\u00ednh s\u00e1ch b\u1ea3o m\u1eadt\u3011<br \/>\n\u203bV\u1ec1 vi\u1ec7c x\u1eed l\u00fd th\u00f4ng tin c\u00e1 nh\u00e2n m\u00e0 c\u00f4ng ty ch\u00fang t\u00f4i thu th\u1eadp, ch\u00fang t\u00f4i tu\u00e2n th\u1ee7 c\u00e1c quy \u0111\u1ecbnh li\u00ean quan \u0111\u1ebfn b\u1ea3o v\u1ec7 th\u00f4ng tin c\u00e1 nh\u00e2n v\u00e0 ch\u1ec9 s\u1eed d\u1ee5ng khi c\u00f3 s\u1ef1 \u0111\u1ed3ng \u00fd c\u1ee7a ch\u1ee7 th\u1ec3 th\u00f4ng tin cho vi\u1ec7c tr\u1ea3 l\u1eddi c\u00e1c y\u00eau c\u1ea7u, li\u00ean l\u1ea1c t\u1eeb ng\u01b0\u1eddi y\u00eau c\u1ea7u khi c\u1ea7n thi\u1ebft.\n\t<\/p>\n\t<p><span class=\"wpcf7-form-control-wrap\" data-name=\"acceptance-442\"><span class=\"wpcf7-form-control wpcf7-acceptance\"><span class=\"wpcf7-list-item\"><input type=\"checkbox\" name=\"acceptance-442\" value=\"1\" class=\"spam1\" aria-invalid=\"false\" \/><\/span><\/span><\/span>\u0110\u1ec3 ng\u0103n ch\u1eb7n th\u01b0 r\u00e1c, vui l\u00f2ng b\u1ea5m v\u00e0o \u00f4 n\u00e0y tr\u01b0\u1edbc khi g\u1eedi.\n\t<\/p>\n<\/div>\n<p><input class=\"wpcf7-form-control wpcf7-submit has-spinner\" id=\"formbtn\" type=\"submit\" value=\"T\u00f4i \u0111\u1ed3ng \u00fd v\u1edbi Ch\u00ednh s\u00e1ch b\u1ea3o m\u1eadt v\u00e0 g\u1eedi \u0111i v\u1edbi n\u1ed9i dung tr\u00ean.\" \/>\n<\/p><div class=\"wpcf7-response-output\" aria-hidden=\"true\"><\/div>\n<\/form>\n<\/div>\n\n","protected":false},"excerpt":{"rendered":"","protected":false},"author":1,"featured_media":0,"parent":0,"menu_order":0,"comment_status":"closed","ping_status":"closed","template":"","meta":{"footnotes":"","_locale":"vi","_original_post":"http:\/\/jbeschool.valueshift.co.jp\/?page_id=19","vkexunit_cta_each_option":""},"_links":{"self":[{"href":"https:\/\/jbeschool.valueshift.co.jp\/wp-json\/wp\/v2\/pages\/612"}],"collection":[{"href":"https:\/\/jbeschool.valueshift.co.jp\/wp-json\/wp\/v2\/pages"}],"about":[{"href":"https:\/\/jbeschool.valueshift.co.jp\/wp-json\/wp\/v2\/types\/page"}],"author":[{"embeddable":true,"href":"https:\/\/jbeschool.valueshift.co.jp\/wp-json\/wp\/v2\/users\/1"}],"replies":[{"embeddable":true,"href":"https:\/\/jbeschool.valueshift.co.jp\/wp-json\/wp\/v2\/comments?post=612"}],"version-history":[{"count":6,"href":"https:\/\/jbeschool.valueshift.co.jp\/wp-json\/wp\/v2\/pages\/612\/revisions"}],"predecessor-version":[{"id":905,"href":"https:\/\/jbeschool.valueshift.co.jp\/wp-json\/wp\/v2\/pages\/612\/revisions\/905"}],"wp:attachment":[{"href":"https:\/\/jbeschool.valueshift.co.jp\/wp-json\/wp\/v2\/media?parent=612"}],"curies":[{"name":"wp","href":"https:\/\/api.w.org\/{rel}","templated":true}]}}